{"id":249,"date":"2025-04-24T11:21:02","date_gmt":"2025-04-24T11:21:02","guid":{"rendered":"https:\/\/fundatiabashford.com\/?page_id=249"},"modified":"2025-06-19T11:43:51","modified_gmt":"2025-06-19T11:43:51","slug":"cinesuntem","status":"publish","type":"page","link":"https:\/\/fundatiabashford.com\/index.php\/cinesuntem\/","title":{"rendered":"Cine Suntem"},"content":{"rendered":"<p>[et_pb_section fb_built=&#8221;1&#8243; fullwidth=&#8221;on&#8221; _builder_version=&#8221;4.27.4&#8243; _module_preset=&#8221;default&#8221; bottom_divider_color=&#8221;#FFFFFF&#8221; global_colors_info=&#8221;{}&#8221;][et_pb_fullwidth_header text_orientation=&#8221;center&#8221; _builder_version=&#8221;4.27.4&#8243; _module_preset=&#8221;default&#8221; background_enable_color=&#8221;off&#8221; background_image=&#8221;https:\/\/fundatiabashford.com\/wp-content\/uploads\/2025\/04\/bsfh-leadershipTempHeader.jpg&#8221; height_tablet=&#8221;&#8221; height_phone=&#8221;&#8221; height_last_edited=&#8221;on|desktop&#8221; custom_padding=&#8221;230px||230px||true|&#8221; hover_enabled=&#8221;0&#8243; global_colors_info=&#8221;{}&#8221; sticky_enabled=&#8221;0&#8243;][\/et_pb_fullwidth_header][\/et_pb_section][et_pb_section fb_built=&#8221;1&#8243; disabled_on=&#8221;off|off|off&#8221; _builder_version=&#8221;4.27.4&#8243; _module_preset=&#8221;default&#8221; height_tablet=&#8221;&#8221; height_phone=&#8221;auto&#8221; height_last_edited=&#8221;on|phone&#8221; custom_padding=&#8221;0px||0px||true|false&#8221; filter_opacity_tablet=&#8221;&#8221; filter_opacity_phone=&#8221;&#8221; filter_opacity_last_edited=&#8221;on|phone&#8221; global_colors_info=&#8221;{}&#8221;][et_pb_row column_structure=&#8221;1_2,1_2&#8243; use_custom_gutter=&#8221;on&#8221; gutter_width=&#8221;1&#8243; make_equal=&#8221;on&#8221; padding_top_bottom_link_1=&#8221;true&#8221; padding_top_bottom_link_2=&#8221;true&#8221; disabled_on=&#8221;off|off|off&#8221; admin_label=&#8221;Two CTA Row&#8221; module_class=&#8221;two-col-tablet&#8221; _builder_version=&#8221;4.27.4&#8243; z_index=&#8221;6&#8243; width=&#8221;100%&#8221; width_tablet=&#8221;100%&#8221; width_phone=&#8221;100%&#8221; width_last_edited=&#8221;on|desktop&#8221; max_width=&#8221;100%&#8221; max_width_tablet=&#8221;100%&#8221; max_width_phone=&#8221;&#8221; max_width_last_edited=&#8221;on|desktop&#8221; custom_margin=&#8221;||0px||false|false&#8221; custom_padding=&#8221;0px|0px|0px|0px&#8221; hover_transition_duration=&#8221;0ms&#8221; hover_enabled=&#8221;0&#8243; make_fullwidth=&#8221;on&#8221; global_colors_info=&#8221;{}&#8221; sticky_enabled=&#8221;0&#8243; min_height_last_edited=&#8221;on|tablet&#8221; min_height_tablet=&#8221;&#8221; min_height_phone=&#8221;&#8221;][et_pb_column type=&#8221;1_2&#8243; disabled_on=&#8221;off|off|off&#8221; _builder_version=&#8221;4.27.4&#8243; use_background_color_gradient=&#8221;on&#8221; background_color_gradient_direction=&#8221;90deg&#8221; background_color_gradient_stops=&#8221;rgba(227,232,242,0.72) 0%|#e3e8f2 60%&#8221; background_color_gradient_overlays_image=&#8221;on&#8221; background_color_gradient_start=&#8221;rgba(227,232,242,0.72)&#8221; background_color_gradient_end=&#8221;#e3e8f2&#8243; background_color_gradient_end_position=&#8221;60%&#8221; background_image=&#8221;https:\/\/fundatiabashford.com\/wp-content\/uploads\/2025\/04\/Group-3-Copy.jpg&#8221; custom_padding=&#8221;120px|80px|120px|10%&#8221; custom_padding_tablet=&#8221;|10%||10%||true&#8221; custom_padding_phone=&#8221;|5%||5%|false|true&#8221; custom_padding_last_edited=&#8221;on|tablet&#8221; global_colors_info=&#8221;{}&#8221; padding_tablet=&#8221;|10%||10%||true&#8221; padding_last_edited=&#8221;on|tablet&#8221; custom_padding__hover=&#8221;|||&#8221; padding_phone=&#8221;|10%||10%||true&#8221;][et_pb_text content_tablet=&#8221;<\/p>\n<h1 style=%22text-align: center;%22>ministerul nostru<\/h1>\n<p>&#8221; content_phone=&#8221;<\/p>\n<h1 style=%22text-align: center;%22>ministerul nostru<\/h1>\n<p>&#8221; content_last_edited=&#8221;on|tablet&#8221; _builder_version=&#8221;4.27.4&#8243; text_font=&#8221;&#8211;et_global_heading_font|800||on|||||&#8221; text_text_color=&#8221;#0C71C3&#8243; text_font_size=&#8221;10px&#8221; text_letter_spacing=&#8221;2px&#8221; header_font=&#8221;&#8211;et_global_body_font|800|||||||&#8221; header_text_align=&#8221;center&#8221; header_text_color=&#8221;#0d91d8&#8243; header_font_size=&#8221;40px&#8221; custom_margin=&#8221;||19px|||&#8221; hover_enabled=&#8221;0&#8243; locked=&#8221;off&#8221; global_colors_info=&#8221;{}&#8221; sticky_enabled=&#8221;0&#8243; header_font_size_last_edited=&#8221;on|tablet&#8221; header_font_size_tablet=&#8221;30px&#8221; header_text_align_last_edited=&#8221;on|tablet&#8221; header_text_align_tablet=&#8221;left&#8221; header_font_size_phone=&#8221;30px&#8221; header_text_align_phone=&#8221;left&#8221;]<\/p>\n<h1 style=\"text-align: left;\">ministerul nostru<\/h1>\n<p>[\/et_pb_text][et_pb_text content_tablet=&#8221;<\/p>\n<p>Reach Romania provides permanent, loving, Christ-centered homes and programs for orphaned and abandoned children in Romania.<\/p>\n<p>&nbsp;<\/p>\n<p>We are called to intentionally invest the love of Jesus Christ by giving them a safe place where they can heal from past trauma, grow up in a family environment, and come to know the everyday joy in the Lord that every child deserves.<\/p>\n<p>&#8221; content_phone=&#8221;<\/p>\n<p style=%22text-align: center;%22>Reach Rom\u00e2nia investe\u0219te \u00een cultivarea caselor centrate pe Hristos, dedicate s\u0103 ofere un refugiu sigur pentru copiii deservi\u021bi \u0219i abandona\u021bi din Rom\u00e2nia, precum \u0219i \u00eengrijire atent\u0103 pentru v\u0103duvele rom\u00e2ne s\u0103race.<\/p>\n<p>&#8221; content_last_edited=&#8221;on|phone&#8221; _builder_version=&#8221;4.27.4&#8243; text_font=&#8221;||||||||&#8221; text_text_color=&#8221;#000000&#8243; text_font_size=&#8221;19px&#8221; text_letter_spacing=&#8221;1px&#8221; text_line_height=&#8221;1.5em&#8221; header_font=&#8221;||||||||&#8221; header_6_font=&#8221;||||||||&#8221; text_orientation=&#8221;center&#8221; hover_enabled=&#8221;0&#8243; text_font_size_tablet=&#8221;16px&#8221; text_font_size_phone=&#8221;14px&#8221; text_font_size_last_edited=&#8221;on|phone&#8221; text_orientation_tablet=&#8221;left&#8221; text_orientation_phone=&#8221;center&#8221; text_orientation_last_edited=&#8221;on|desktop&#8221; locked=&#8221;off&#8221; global_colors_info=&#8221;{}&#8221; sticky_enabled=&#8221;0&#8243;]<\/p>\n<p style=\"text-align: left;\"><span>Reach Romania provides permanent, loving, Christ-centered homes and programs for orphaned and abandoned children in Romania. We are called to intentionally invest the love of Jesus Christ by giving them a safe place where they can heal from past trauma, grow up in a family environment, and come to know the everyday joy in the Lord that every child deserves.<\/span><\/p>\n<p>[\/et_pb_text][\/et_pb_column][et_pb_column type=&#8221;1_2&#8243; disabled_on=&#8221;off|off|off&#8221; _builder_version=&#8221;4.27.4&#8243; use_background_color_gradient=&#8221;on&#8221; background_color_gradient_direction=&#8221;90deg&#8221; background_color_gradient_stops=&#8221;rgba(15,203,255,0.91) 40%|rgba(74,114,224,0.6) 100%&#8221; background_color_gradient_overlays_image=&#8221;on&#8221; background_color_gradient_start=&#8221;#ff7355&#8243; background_color_gradient_start_position=&#8221;40%&#8221; background_color_gradient_end=&#8221;rgba(255,115,85,0.6)&#8221; background_image=&#8221;https:\/\/fundatiabashford.com\/wp-content\/uploads\/2025\/04\/Group-3-Copy-6.jpg&#8221; z_index=&#8221;6&#8243; custom_padding=&#8221;120px|10%|120px|80px&#8221; custom_padding_tablet=&#8221;|10%||10%||true&#8221; custom_padding_phone=&#8221;|5%||5%|false|true&#8221; custom_padding_last_edited=&#8221;on|tablet&#8221; global_colors_info=&#8221;{}&#8221; padding_tablet=&#8221;|10%||10%||true&#8221; padding_last_edited=&#8221;on|tablet&#8221; custom_padding__hover=&#8221;|||&#8221; padding_phone=&#8221;|10%||10%||true&#8221;][et_pb_text content_tablet=&#8221;<\/p>\n<h1 style=%22text-align: center;%22>obiectivele noastre<\/h1>\n<p>&#8221; content_phone=&#8221;<\/p>\n<h1 style=%22text-align: center;%22>obiectivele noastre<\/h1>\n<p>&#8221; content_last_edited=&#8221;on|phone&#8221; _builder_version=&#8221;4.27.4&#8243; text_font=&#8221;&#8211;et_global_heading_font|800||on|||||&#8221; text_text_color=&#8221;#0C71C3&#8243; text_font_size=&#8221;10px&#8221; text_letter_spacing=&#8221;2px&#8221; header_font=&#8221;&#8211;et_global_body_font|800|||||||&#8221; header_text_align=&#8221;center&#8221; header_text_color=&#8221;#FFFFFF&#8221; custom_margin=&#8221;||19px|||&#8221; hover_enabled=&#8221;0&#8243; locked=&#8221;off&#8221; global_colors_info=&#8221;{}&#8221; header_text_align_last_edited=&#8221;on|tablet&#8221; header_text_align_tablet=&#8221;left&#8221; sticky_enabled=&#8221;0&#8243; header_text_align_phone=&#8221;left&#8221;]<\/p>\n<h1 style=\"text-align: left;\">obiectivele noastre<\/h1>\n<p>[\/et_pb_text][et_pb_text content_tablet=&#8221;<\/p>\n<p>Schimbarea rapid\u0103 a sistemelor de \u00eengrijire a copiilor str\u0103muta\u021bi din Rom\u00e2nia prezint\u0103 multe lacune de servicii, l\u0103s\u00e2nd mul\u021bi copii orfani sau abandona\u021bi f\u0103r\u0103 unde s\u0103 mearg\u0103. Casele \u0219i p\u0103rin\u021bii no\u0219tri casei umplu acele goluri.<\/p>\n<p>Ne str\u0103duim s\u0103 transmitem un mesaj de speran\u021b\u0103 prin hran\u0103, \u00eembr\u0103c\u0103minte, ad\u0103post \u0219i Evanghelia lui Isus Hristos.<\/p>\n<p>Lucr\u0103m pentru a \u00eemputernici poporul rom\u00e2n cu preg\u0103tire \u0219i instrumente, astfel \u00eenc\u00e2t s\u0103 fie echipat s\u0103 investeasc\u0103 \u00een vie\u021bile copiilor \u0219i familiilor rom\u00e2ne\u0219ti defavorizate.<\/p>\n<p>&#8221; content_phone=&#8221;<\/p>\n<p style=%22text-align: center;%22>Reach Rom\u00e2nia investe\u0219te \u00een cultivarea caselor centrate pe Hristos, dedicate s\u0103 ofere un refugiu sigur pentru copiii deservi\u021bi \u0219i abandona\u021bi din Rom\u00e2nia, precum \u0219i \u00eengrijire atent\u0103 pentru v\u0103duvele rom\u00e2ne s\u0103race.<\/p>\n<p>&#8221; content_last_edited=&#8221;on|phone&#8221; _builder_version=&#8221;4.27.4&#8243; text_font=&#8221;||||||||&#8221; text_text_color=&#8221;#000000&#8243; text_font_size=&#8221;19px&#8221; text_letter_spacing=&#8221;1px&#8221; text_line_height=&#8221;1.5em&#8221; header_font=&#8221;||||||||&#8221; header_6_font=&#8221;||||||||&#8221; hover_enabled=&#8221;0&#8243; text_font_size_tablet=&#8221;15px&#8221; text_font_size_phone=&#8221;14px&#8221; text_font_size_last_edited=&#8221;on|phone&#8221; text_orientation_tablet=&#8221;left&#8221; text_orientation_phone=&#8221;center&#8221; text_orientation_last_edited=&#8221;on|desktop&#8221; locked=&#8221;off&#8221; global_colors_info=&#8221;{}&#8221; sticky_enabled=&#8221;0&#8243;]<\/p>\n<p>Schimbarea rapid\u0103 a sistemelor de \u00eengrijire a copiilor str\u0103muta\u021bi din Rom\u00e2nia prezint\u0103 multe lacune de servicii, l\u0103s\u00e2nd mul\u021bi copii orfani sau abandona\u021bi f\u0103r\u0103 unde s\u0103 mearg\u0103. Casele \u0219i p\u0103rin\u021bii no\u0219tri casei umplu acele goluri.\u00a0<\/p>\n<p>Ne str\u0103duim s\u0103 transmitem un mesaj de speran\u021b\u0103 prin hran\u0103, \u00eembr\u0103c\u0103minte, ad\u0103post \u0219i Evanghelia lui Isus Hristos.<\/p>\n<p>Lucr\u0103m pentru a \u00eemputernici poporul rom\u00e2n cu preg\u0103tire \u0219i instrumente, astfel \u00eenc\u00e2t s\u0103 fie echipat s\u0103 investeasc\u0103 \u00een vie\u021bile copiilor \u0219i familiilor rom\u00e2ne\u0219ti defavorizate.<\/p>\n<p>[\/et_pb_text][\/et_pb_column][\/et_pb_row][\/et_pb_section][et_pb_section fb_built=&#8221;1&#8243; custom_padding_last_edited=&#8221;on|phone&#8221; next_background_color=&#8221;#00295b&#8221; admin_label=&#8221;About&#8221; _builder_version=&#8221;4.27.4&#8243; background_color=&#8221;rgba(0,0,0,0.08)&#8221; width=&#8221;100%&#8221; width_tablet=&#8221;100%&#8221; width_phone=&#8221;100%&#8221; width_last_edited=&#8221;on|phone&#8221; module_alignment=&#8221;center&#8221; min_height=&#8221;595px&#8221; min_height_tablet=&#8221;595px&#8221; min_height_phone=&#8221;595px&#8221; min_height_last_edited=&#8221;on|phone&#8221; custom_padding=&#8221;0|0px|159px|0px|false|false&#8221; custom_padding_tablet=&#8221;0|0px|159px|0px|false|false&#8221; custom_padding_phone=&#8221;40px|0px|140px|0px|false|false&#8221; bottom_divider_style=&#8221;waves2&#8243; custom_width_px__hover=&#8221;1080px&#8221; custom_width_px__hover_enabled=&#8221;1080px&#8221; custom_width_percent__hover=&#8221;80%&#8221; custom_width_percent__hover_enabled=&#8221;80%&#8221; global_colors_info=&#8221;{}&#8221; gutter_width__hover=&#8221;3&#8243; gutter_width__hover_enabled=&#8221;3&#8243; parallax_1__hover=&#8221;off&#8221; parallax_1__hover_enabled=&#8221;off&#8221; parallax_2__hover=&#8221;off&#8221; parallax_2__hover_enabled=&#8221;off&#8221; parallax_3__hover=&#8221;off&#8221; parallax_3__hover_enabled=&#8221;off&#8221; parallax_method_1__hover=&#8221;on&#8221; parallax_method_1__hover_enabled=&#8221;on&#8221; parallax_method_2__hover=&#8221;on&#8221; parallax_method_2__hover_enabled=&#8221;on&#8221; parallax_method_3__hover=&#8221;on&#8221; parallax_method_3__hover_enabled=&#8221;on&#8221; background_size__hover=&#8221;cover&#8221; background_size__hover_enabled=&#8221;cover&#8221; background_position__hover=&#8221;center&#8221; background_position__hover_enabled=&#8221;center&#8221; max_width__hover=&#8221;100%&#8221; max_width__hover_enabled=&#8221;100%&#8221; use_background_color_gradient__hover=&#8221;off&#8221; use_background_color_gradient__hover_enabled=&#8221;off&#8221; background_color_gradient_start__hover=&#8221;#2b87da&#8221; background_color_gradient_start__hover_enabled=&#8221;#2b87da&#8221; background_color_gradient_end__hover=&#8221;#29c4a9&#8243; background_color_gradient_end__hover_enabled=&#8221;#29c4a9&#8243; background_color_gradient_type__hover=&#8221;linear&#8221; background_color_gradient_type__hover_enabled=&#8221;linear&#8221; background_color_gradient_direction__hover=&#8221;180deg&#8221; background_color_gradient_direction__hover_enabled=&#8221;180deg&#8221; background_color_gradient_direction_radial__hover=&#8221;center&#8221; background_color_gradient_direction_radial__hover_enabled=&#8221;center&#8221; background_color_gradient_start_position__hover=&#8221;0%&#8221; background_color_gradient_start_position__hover_enabled=&#8221;0%&#8221; background_color_gradient_end_position__hover=&#8221;100%&#8221; background_color_gradient_end_position__hover_enabled=&#8221;100%&#8221; background_color_gradient_overlays_image__hover=&#8221;off&#8221; background_color_gradient_overlays_image__hover_enabled=&#8221;off&#8221; parallax__hover=&#8221;off&#8221; parallax__hover_enabled=&#8221;off&#8221; parallax_method__hover=&#8221;on&#8221; parallax_method__hover_enabled=&#8221;on&#8221; background_repeat__hover=&#8221;no-repeat&#8221; background_repeat__hover_enabled=&#8221;no-repeat&#8221; background_blend__hover=&#8221;normal&#8221; background_blend__hover_enabled=&#8221;normal&#8221; allow_player_pause__hover=&#8221;off&#8221; allow_player_pause__hover_enabled=&#8221;off&#8221; background_video_pause_outside_viewport__hover=&#8221;on&#8221; background_video_pause_outside_viewport__hover_enabled=&#8221;on&#8221; inner_shadow__hover=&#8221;off&#8221; inner_shadow__hover_enabled=&#8221;off&#8221; make_fullwidth__hover=&#8221;off&#8221; make_fullwidth__hover_enabled=&#8221;off&#8221; use_custom_width__hover=&#8221;off&#8221; use_custom_width__hover_enabled=&#8221;off&#8221; width_unit__hover=&#8221;on&#8221; width_unit__hover_enabled=&#8221;on&#8221; make_equal__hover=&#8221;off&#8221; make_equal__hover_enabled=&#8221;off&#8221; use_custom_gutter__hover=&#8221;off&#8221; use_custom_gutter__hover_enabled=&#8221;off&#8221; border_radii__hover=&#8221;on||||&#8221; border_radii__hover_enabled=&#8221;on||||&#8221; box_shadow_style__hover=&#8221;none&#8221; box_shadow_style__hover_enabled=&#8221;none&#8221; box_shadow_color__hover=&#8221;rgba(0,0,0,0.3)&#8221; box_shadow_color__hover_enabled=&#8221;rgba(0,0,0,0.3)&#8221; filter_hue_rotate__hover=&#8221;0deg&#8221; filter_hue_rotate__hover_enabled=&#8221;0deg&#8221; filter_saturate__hover=&#8221;100%&#8221; filter_saturate__hover_enabled=&#8221;100%&#8221; filter_brightness__hover=&#8221;100%&#8221; filter_brightness__hover_enabled=&#8221;100%&#8221; filter_contrast__hover=&#8221;100%&#8221; filter_contrast__hover_enabled=&#8221;100%&#8221; filter_invert__hover=&#8221;0%&#8221; filter_invert__hover_enabled=&#8221;0%&#8221; filter_sepia__hover=&#8221;0%&#8221; filter_sepia__hover_enabled=&#8221;0%&#8221; filter_opacity__hover=&#8221;100%&#8221; filter_opacity__hover_enabled=&#8221;100%&#8221; filter_blur__hover=&#8221;0px&#8221; filter_blur__hover_enabled=&#8221;0px&#8221; mix_blend_mode__hover=&#8221;normal&#8221; mix_blend_mode__hover_enabled=&#8221;normal&#8221; animation_style__hover=&#8221;none&#8221; animation_style__hover_enabled=&#8221;none&#8221; animation_repeat__hover=&#8221;once&#8221; animation_repeat__hover_enabled=&#8221;once&#8221; animation_direction__hover=&#8221;center&#8221; animation_direction__hover_enabled=&#8221;center&#8221; animation_duration__hover=&#8221;1000ms&#8221; animation_duration__hover_enabled=&#8221;1000ms&#8221; animation_delay__hover=&#8221;0ms&#8221; animation_delay__hover_enabled=&#8221;0ms&#8221; animation_intensity_slide__hover=&#8221;50%&#8221; animation_intensity_slide__hover_enabled=&#8221;50%&#8221; animation_intensity_zoom__hover=&#8221;50%&#8221; animation_intensity_zoom__hover_enabled=&#8221;50%&#8221; animation_intensity_flip__hover=&#8221;50%&#8221; animation_intensity_flip__hover_enabled=&#8221;50%&#8221; animation_intensity_fold__hover=&#8221;50%&#8221; animation_intensity_fold__hover_enabled=&#8221;50%&#8221; animation_intensity_roll__hover=&#8221;50%&#8221; animation_intensity_roll__hover_enabled=&#8221;50%&#8221; animation_starting_opacity__hover=&#8221;0%&#8221; animation_starting_opacity__hover_enabled=&#8221;0%&#8221; animation_speed_curve__hover=&#8221;ease-in-out&#8221; animation_speed_curve__hover_enabled=&#8221;ease-in-out&#8221; hover_transition_duration__hover=&#8221;300ms&#8221; hover_transition_duration__hover_enabled=&#8221;300ms&#8221; hover_transition_delay__hover=&#8221;0ms&#8221; hover_transition_delay__hover_enabled=&#8221;0ms&#8221; hover_transition_speed_curve__hover=&#8221;ease&#8221; hover_transition_speed_curve__hover_enabled=&#8221;ease&#8221; background_color_gradient_stops__hover=&#8221;#2b87da 0%|#29c4a9 100%&#8221;][et_pb_row _builder_version=&#8221;4.27.4&#8243; custom_margin=&#8221;-1px|auto|-1px|auto|true|&#8221; custom_padding=&#8221;0px|0px|27px|0px|false|false&#8221; global_colors_info=&#8221;{}&#8221;][et_pb_column type=&#8221;4_4&#8243; _builder_version=&#8221;4.16&#8243; custom_padding=&#8221;100px|||&#8221; custom_padding_tablet=&#8221;60px||&#8221; custom_padding_phone=&#8221;60px||&#8221; custom_padding_last_edited=&#8221;on|phone&#8221; global_colors_info=&#8221;{}&#8221; custom_padding__hover=&#8221;|||&#8221;][et_pb_text content_tablet=&#8221;<\/p>\n<h1>Abordarea noastr\u0103<\/h1>\n<p>&#8221; content_phone=&#8221;<\/p>\n<h1>Abordarea noastr\u0103<\/h1>\n<p>&#8221; content_last_edited=&#8221;on|phone&#8221; _builder_version=&#8221;4.27.4&#8243; text_font=&#8221;&#8211;et_global_heading_font|800||on|||||&#8221; text_text_color=&#8221;#0C71C3&#8243; text_font_size=&#8221;10px&#8221; text_letter_spacing=&#8221;2px&#8221; header_font=&#8221;&#8211;et_global_body_font|800|||||||&#8221; header_text_align=&#8221;center&#8221; header_text_color=&#8221;#0d91d8&#8243; header_font_size=&#8221;40px&#8221; module_alignment=&#8221;center&#8221; custom_margin=&#8221;||26px|||&#8221; locked=&#8221;off&#8221; global_colors_info=&#8221;{}&#8221;]<\/p>\n<h1>Abordarea noastr\u0103<\/h1>\n<p>[\/et_pb_text][et_pb_text content_tablet=&#8221;<\/p>\n<p>Funda\u021bia Bashford construie\u0219te \u0219i cultiv\u0103 case pentru copiii rom\u00e2ni str\u0103muta\u021bi pe proprietatea sa de 100 de acri din sud-vestul Rom\u00e2niei. Ast\u0103zi, avem dou\u0103 C\u0103mine de Copii administrate de dou\u0103 seturi de P\u0103rin\u021bi Casei care ofer\u0103 medii de acas\u0103 iubitoare \u0219i stabile pentru copiii rom\u00e2ni orfani sau abandona\u021bi.<\/p>\n<p>Reach Rom\u00e2nia construie\u0219te \u00een prezent trei noi c\u0103mine pentru copii p\u00e2n\u0103 \u00een 2024 pentru a oferi locuin\u021be permanente \u0219i \u00eengrijire pentru 50 de copii rom\u00e2ni afla\u021bi \u00een dificultate. Construim, de asemenea, un centru de activit\u0103\u021bi multifunc\u021bionale separat, care s\u0103 fie inclus<br \/>o buc\u0103t\u0103rie cu servicii complete \u0219i spa\u021bii de clas\u0103.<\/p>\n<p>Reach Rom\u00e2nia extinde slujirea comunit\u0103\u021bii locale, Feeding Body and Soul, de la slujirea a 12 familii \u0219i v\u0103duve s\u0103race \u00een fiecare lun\u0103 p\u00e2n\u0103 la slujirea a 50.<\/p>\n<p>Reach Romania g\u0103zduie\u0219te anual tabere de var\u0103 \u00een jude\u021bul Timi\u0219, Rom\u00e2nia, care scufund\u0103 peste 100 de copii \u00een dragostea transformatoare a lui Hristos \u2013 copii altfel Isus nu li s-ar oferi oportunitatea.<\/p>\n<p>&#8221; content_phone=&#8221;<\/p>\n<p>Funda\u021bia Bashford construie\u0219te \u0219i cultiv\u0103 case pentru copiii rom\u00e2ni str\u0103muta\u021bi pe proprietatea sa de 100 de acri din sud-vestul Rom\u00e2niei. Ast\u0103zi, avem dou\u0103 C\u0103mine de Copii administrate de dou\u0103 seturi de P\u0103rin\u021bi Casei care ofer\u0103 medii de acas\u0103 iubitoare \u0219i stabile pentru copiii rom\u00e2ni orfani sau abandona\u021bi.<\/p>\n<p>Reach Rom\u00e2nia construie\u0219te \u00een prezent trei noi c\u0103mine pentru copii p\u00e2n\u0103 \u00een 2024 pentru a oferi locuin\u021be permanente \u0219i \u00eengrijire pentru 50 de copii rom\u00e2ni afla\u021bi \u00een dificultate. Construim, de asemenea, un centru de activit\u0103\u021bi multifunc\u021bionale separat, care s\u0103 fie inclus<br \/>o buc\u0103t\u0103rie cu servicii complete \u0219i spa\u021bii de clas\u0103.<\/p>\n<p>Reach Rom\u00e2nia extinde slujirea comunit\u0103\u021bii locale, Feeding Body and Soul, de la slujirea a 12 familii \u0219i v\u0103duve s\u0103race \u00een fiecare lun\u0103 p\u00e2n\u0103 la slujirea a 50.<\/p>\n<p>Reach Romania g\u0103zduie\u0219te anual tabere de var\u0103 \u00een jude\u021bul Timi\u0219, Rom\u00e2nia, care scufund\u0103 peste 100 de copii \u00een dragostea transformatoare a lui Hristos \u2013 copii altfel Isus nu li s-ar oferi oportunitatea.<\/p>\n<p>&#8221; content_last_edited=&#8221;on|phone&#8221; _builder_version=&#8221;4.27.4&#8243; text_font=&#8221;||||||||&#8221; text_text_color=&#8221;#000000&#8243; text_font_size=&#8221;19px&#8221; text_letter_spacing=&#8221;1px&#8221; text_line_height=&#8221;1.5em&#8221; header_font=&#8221;||||||||&#8221; header_6_font=&#8221;||||||||&#8221; width=&#8221;80%&#8221; module_alignment=&#8221;center&#8221; text_font_size_tablet=&#8221;&#8221; text_font_size_phone=&#8221;14px&#8221; text_font_size_last_edited=&#8221;on|phone&#8221; text_orientation_tablet=&#8221;left&#8221; text_orientation_phone=&#8221;left&#8221; text_orientation_last_edited=&#8221;on|desktop&#8221; locked=&#8221;off&#8221; global_colors_info=&#8221;{}&#8221;]<\/p>\n<p>Funda\u021bia Bashford construie\u0219te \u0219i cultiv\u0103 case pentru copiii rom\u00e2ni str\u0103muta\u021bi pe proprietatea sa de 100 de acri din sud-vestul Rom\u00e2niei. Ast\u0103zi, avem dou\u0103 C\u0103mine de Copii administrate de dou\u0103 seturi de P\u0103rin\u021bi Casei care ofer\u0103 medii de acas\u0103 iubitoare \u0219i stabile pentru copiii rom\u00e2ni orfani sau abandona\u021bi.<\/p>\n<p>Reach Rom\u00e2nia construie\u0219te \u00een prezent trei noi c\u0103mine pentru copii p\u00e2n\u0103 \u00een 2024 pentru a oferi locuin\u021be permanente \u0219i \u00eengrijire pentru 50 de copii rom\u00e2ni afla\u021bi \u00een dificultate. Construim, de asemenea, un centru de activit\u0103\u021bi multifunc\u021bional separat, care s\u0103 fie inclus o buc\u0103t\u0103rie cu servicii complete \u0219i spa\u021bii de clas\u0103.<\/p>\n<p>Reach Rom\u00e2nia \u00ee\u0219i extinde slujirea comunit\u0103\u021bii locale, Feeding Body and Soul, de la slujirea a 12 familii \u0219i v\u0103duve s\u0103race \u00een fiecare lun\u0103 p\u00e2n\u0103 la slujirea a 50.<\/p>\n<p>Reach Romania g\u0103zduie\u0219te anual tabere de var\u0103 \u00een jude\u021bul Timi\u0219, Rom\u00e2nia, care scufund\u0103 peste 100 de copii \u00een dragostea transformatoare a lui Isus Hristos \u2013 copii c\u0103rora altfel nu li s-ar oferi oportunitatea.<\/p>\n<p>&nbsp;<\/p>\n<p>[\/et_pb_text][\/et_pb_column][\/et_pb_row][\/et_pb_section]<\/p>\n","protected":false},"excerpt":{"rendered":"<p>ministerul nostruReach Romania provides permanent, loving, Christ-centered homes and programs for orphaned and abandoned children in Romania. We are called to intentionally invest the love of Jesus Christ by giving them a safe place where they can heal from past trauma, grow up in a family environment, and come to know the everyday joy in [&hellip;]<\/p>\n","protected":false},"author":1,"featured_media":0,"parent":0,"menu_order":0,"comment_status":"closed","ping_status":"closed","template":"","meta":{"_et_pb_use_builder":"on","_et_pb_old_content":"","_et_gb_content_width":"","footnotes":""},"class_list":["post-249","page","type-page","status-publish","hentry"],"_links":{"self":[{"href":"https:\/\/fundatiabashford.com\/index.php\/wp-json\/wp\/v2\/pages\/249","targetHints":{"allow":["GET"]}}],"collection":[{"href":"https:\/\/fundatiabashford.com\/index.php\/wp-json\/wp\/v2\/pages"}],"about":[{"href":"https:\/\/fundatiabashford.com\/index.php\/wp-json\/wp\/v2\/types\/page"}],"author":[{"embeddable":true,"href":"https:\/\/fundatiabashford.com\/index.php\/wp-json\/wp\/v2\/users\/1"}],"replies":[{"embeddable":true,"href":"https:\/\/fundatiabashford.com\/index.php\/wp-json\/wp\/v2\/comments?post=249"}],"version-history":[{"count":41,"href":"https:\/\/fundatiabashford.com\/index.php\/wp-json\/wp\/v2\/pages\/249\/revisions"}],"predecessor-version":[{"id":717,"href":"https:\/\/fundatiabashford.com\/index.php\/wp-json\/wp\/v2\/pages\/249\/revisions\/717"}],"wp:attachment":[{"href":"https:\/\/fundatiabashford.com\/index.php\/wp-json\/wp\/v2\/media?parent=249"}],"curies":[{"name":"wp","href":"https:\/\/api.w.org\/{rel}","templated":true}]}}