{"id":335,"date":"2025-04-26T10:31:18","date_gmt":"2025-04-26T10:31:18","guid":{"rendered":"https:\/\/fundatiabashford.com\/?page_id=335"},"modified":"2026-03-23T13:02:09","modified_gmt":"2026-03-23T13:02:09","slug":"ajuta","status":"publish","type":"page","link":"https:\/\/fundatiabashford.com\/index.php\/ajuta\/","title":{"rendered":"Ajuta"},"content":{"rendered":"<p>[et_pb_section fb_built=&#8221;1&#8243; fullwidth=&#8221;on&#8221; next_background_color=&#8221;#FFFFFF&#8221; _builder_version=&#8221;4.27.4&#8243; _module_preset=&#8221;default&#8221; bottom_divider_style=&#8221;waves2&#8243; bottom_divider_height=&#8221;60px&#8221; global_colors_info=&#8221;{}&#8221;][et_pb_fullwidth_header text_orientation=&#8221;center&#8221; _builder_version=&#8221;4.27.4&#8243; _module_preset=&#8221;default&#8221; background_enable_color=&#8221;off&#8221; background_image=&#8221;https:\/\/fundatiabashford.com\/wp-content\/uploads\/2025\/04\/bsfh-leadershipTempHeader.jpg&#8221; background_position=&#8221;top_center&#8221; custom_padding=&#8221;190px||190px||true|&#8221; global_colors_info=&#8221;{}&#8221;][\/et_pb_fullwidth_header][\/et_pb_section][et_pb_section fb_built=&#8221;1&#8243; admin_label=&#8221;About&#8221; _builder_version=&#8221;4.27.4&#8243; background_color=&#8221;#FFFFFF&#8221; custom_padding=&#8221;0|0px||0px|false|false&#8221; custom_width_px__hover=&#8221;1080px&#8221; custom_width_px__hover_enabled=&#8221;1080px&#8221; custom_width_percent__hover=&#8221;80%&#8221; custom_width_percent__hover_enabled=&#8221;80%&#8221; global_colors_info=&#8221;{}&#8221; gutter_width__hover=&#8221;3&#8243; gutter_width__hover_enabled=&#8221;3&#8243; parallax_1__hover=&#8221;off&#8221; parallax_1__hover_enabled=&#8221;off&#8221; parallax_2__hover=&#8221;off&#8221; parallax_2__hover_enabled=&#8221;off&#8221; parallax_3__hover=&#8221;off&#8221; parallax_3__hover_enabled=&#8221;off&#8221; parallax_method_1__hover=&#8221;on&#8221; parallax_method_1__hover_enabled=&#8221;on&#8221; parallax_method_2__hover=&#8221;on&#8221; parallax_method_2__hover_enabled=&#8221;on&#8221; parallax_method_3__hover=&#8221;on&#8221; parallax_method_3__hover_enabled=&#8221;on&#8221; background_size__hover=&#8221;cover&#8221; background_size__hover_enabled=&#8221;cover&#8221; background_position__hover=&#8221;center&#8221; background_position__hover_enabled=&#8221;center&#8221; max_width__hover=&#8221;100%&#8221; max_width__hover_enabled=&#8221;100%&#8221; use_background_color_gradient__hover=&#8221;off&#8221; use_background_color_gradient__hover_enabled=&#8221;off&#8221; background_color_gradient_start__hover=&#8221;#2b87da&#8221; background_color_gradient_start__hover_enabled=&#8221;#2b87da&#8221; background_color_gradient_end__hover=&#8221;#29c4a9&#8243; background_color_gradient_end__hover_enabled=&#8221;#29c4a9&#8243; background_color_gradient_type__hover=&#8221;linear&#8221; background_color_gradient_type__hover_enabled=&#8221;linear&#8221; background_color_gradient_direction__hover=&#8221;180deg&#8221; background_color_gradient_direction__hover_enabled=&#8221;180deg&#8221; background_color_gradient_direction_radial__hover=&#8221;center&#8221; background_color_gradient_direction_radial__hover_enabled=&#8221;center&#8221; background_color_gradient_start_position__hover=&#8221;0%&#8221; background_color_gradient_start_position__hover_enabled=&#8221;0%&#8221; background_color_gradient_end_position__hover=&#8221;100%&#8221; background_color_gradient_end_position__hover_enabled=&#8221;100%&#8221; background_color_gradient_overlays_image__hover=&#8221;off&#8221; background_color_gradient_overlays_image__hover_enabled=&#8221;off&#8221; parallax__hover=&#8221;off&#8221; parallax__hover_enabled=&#8221;off&#8221; parallax_method__hover=&#8221;on&#8221; parallax_method__hover_enabled=&#8221;on&#8221; background_repeat__hover=&#8221;no-repeat&#8221; background_repeat__hover_enabled=&#8221;no-repeat&#8221; background_blend__hover=&#8221;normal&#8221; background_blend__hover_enabled=&#8221;normal&#8221; allow_player_pause__hover=&#8221;off&#8221; allow_player_pause__hover_enabled=&#8221;off&#8221; background_video_pause_outside_viewport__hover=&#8221;on&#8221; background_video_pause_outside_viewport__hover_enabled=&#8221;on&#8221; inner_shadow__hover=&#8221;off&#8221; inner_shadow__hover_enabled=&#8221;off&#8221; make_fullwidth__hover=&#8221;off&#8221; make_fullwidth__hover_enabled=&#8221;off&#8221; use_custom_width__hover=&#8221;off&#8221; use_custom_width__hover_enabled=&#8221;off&#8221; width_unit__hover=&#8221;on&#8221; width_unit__hover_enabled=&#8221;on&#8221; make_equal__hover=&#8221;off&#8221; make_equal__hover_enabled=&#8221;off&#8221; use_custom_gutter__hover=&#8221;off&#8221; use_custom_gutter__hover_enabled=&#8221;off&#8221; border_radii__hover=&#8221;on||||&#8221; border_radii__hover_enabled=&#8221;on||||&#8221; box_shadow_style__hover=&#8221;none&#8221; box_shadow_style__hover_enabled=&#8221;none&#8221; box_shadow_color__hover=&#8221;rgba(0,0,0,0.3)&#8221; box_shadow_color__hover_enabled=&#8221;rgba(0,0,0,0.3)&#8221; filter_hue_rotate__hover=&#8221;0deg&#8221; filter_hue_rotate__hover_enabled=&#8221;0deg&#8221; filter_saturate__hover=&#8221;100%&#8221; filter_saturate__hover_enabled=&#8221;100%&#8221; filter_brightness__hover=&#8221;100%&#8221; filter_brightness__hover_enabled=&#8221;100%&#8221; filter_contrast__hover=&#8221;100%&#8221; filter_contrast__hover_enabled=&#8221;100%&#8221; filter_invert__hover=&#8221;0%&#8221; filter_invert__hover_enabled=&#8221;0%&#8221; filter_sepia__hover=&#8221;0%&#8221; filter_sepia__hover_enabled=&#8221;0%&#8221; filter_opacity__hover=&#8221;100%&#8221; filter_opacity__hover_enabled=&#8221;100%&#8221; filter_blur__hover=&#8221;0px&#8221; filter_blur__hover_enabled=&#8221;0px&#8221; mix_blend_mode__hover=&#8221;normal&#8221; mix_blend_mode__hover_enabled=&#8221;normal&#8221; animation_style__hover=&#8221;none&#8221; animation_style__hover_enabled=&#8221;none&#8221; animation_repeat__hover=&#8221;once&#8221; animation_repeat__hover_enabled=&#8221;once&#8221; animation_direction__hover=&#8221;center&#8221; animation_direction__hover_enabled=&#8221;center&#8221; animation_duration__hover=&#8221;1000ms&#8221; animation_duration__hover_enabled=&#8221;1000ms&#8221; animation_delay__hover=&#8221;0ms&#8221; animation_delay__hover_enabled=&#8221;0ms&#8221; animation_intensity_slide__hover=&#8221;50%&#8221; animation_intensity_slide__hover_enabled=&#8221;50%&#8221; animation_intensity_zoom__hover=&#8221;50%&#8221; animation_intensity_zoom__hover_enabled=&#8221;50%&#8221; animation_intensity_flip__hover=&#8221;50%&#8221; animation_intensity_flip__hover_enabled=&#8221;50%&#8221; animation_intensity_fold__hover=&#8221;50%&#8221; animation_intensity_fold__hover_enabled=&#8221;50%&#8221; animation_intensity_roll__hover=&#8221;50%&#8221; animation_intensity_roll__hover_enabled=&#8221;50%&#8221; animation_starting_opacity__hover=&#8221;0%&#8221; animation_starting_opacity__hover_enabled=&#8221;0%&#8221; animation_speed_curve__hover=&#8221;ease-in-out&#8221; animation_speed_curve__hover_enabled=&#8221;ease-in-out&#8221; hover_transition_duration__hover=&#8221;300ms&#8221; hover_transition_duration__hover_enabled=&#8221;300ms&#8221; hover_transition_delay__hover=&#8221;0ms&#8221; hover_transition_delay__hover_enabled=&#8221;0ms&#8221; hover_transition_speed_curve__hover=&#8221;ease&#8221; hover_transition_speed_curve__hover_enabled=&#8221;ease&#8221; background_color_gradient_stops__hover=&#8221;#2b87da 0%|#29c4a9 100%&#8221;][et_pb_row column_structure=&#8221;1_2,1_2&#8243; custom_padding_last_edited=&#8221;on|phone&#8221; module_class=&#8221;two-col-tablet&#8221; _builder_version=&#8221;4.27.4&#8243; background_enable_color=&#8221;off&#8221; width=&#8221;100%&#8221; width_tablet=&#8221;90%&#8221; width_phone=&#8221;90%&#8221; width_last_edited=&#8221;on|tablet&#8221; max_width=&#8221;1200px&#8221; max_width_tablet=&#8221;1200px&#8221; max_width_phone=&#8221;1200px&#8221; max_width_last_edited=&#8221;on|tablet&#8221; module_alignment=&#8221;center&#8221; custom_margin=&#8221;56px|auto||auto||&#8221; custom_padding=&#8221;0|0px|27px|61px|false|false&#8221; custom_padding_tablet=&#8221;|||0px|false|false&#8221; custom_padding_phone=&#8221;0|0px|27px|0px|false|false&#8221; border_radii=&#8221;on|50px|50px|50px|50px&#8221; global_colors_info=&#8221;{}&#8221;][et_pb_column type=&#8221;1_2&#8243; _builder_version=&#8221;4.16&#8243; custom_padding=&#8221;100px|||&#8221; custom_padding_tablet=&#8221;60px||&#8221; custom_padding_phone=&#8221;60px||&#8221; custom_padding_last_edited=&#8221;on|phone&#8221; global_colors_info=&#8221;{}&#8221; custom_padding__hover=&#8221;|||&#8221;][et_pb_image src=&#8221;https:\/\/fundatiabashford.com\/wp-content\/uploads\/2025\/04\/bsf-givetemp1.png&#8221; title_text=&#8221;bsf-givetemp1&#8243; _builder_version=&#8221;4.27.4&#8243; _module_preset=&#8221;default&#8221; width=&#8221;100%&#8221; width_tablet=&#8221;70%&#8221; width_phone=&#8221;70%&#8221; width_last_edited=&#8221;on|desktop&#8221; module_alignment=&#8221;center&#8221; global_colors_info=&#8221;{}&#8221;][\/et_pb_image][\/et_pb_column][et_pb_column type=&#8221;1_2&#8243; _builder_version=&#8221;4.16&#8243; custom_padding=&#8221;100px|||&#8221; custom_padding_tablet=&#8221;60px||&#8221; custom_padding_phone=&#8221;60px||&#8221; custom_padding_last_edited=&#8221;on|phone&#8221; global_colors_info=&#8221;{}&#8221; custom_padding__hover=&#8221;|||&#8221;][et_pb_text content_tablet=&#8221;<\/p>\n<h1>Da<\/h1>\n<p>&#8221; content_phone=&#8221;<\/p>\n<h1>Da<\/h1>\n<p>&#8221; content_last_edited=&#8221;on|phone&#8221; _builder_version=&#8221;4.27.4&#8243; text_font=&#8221;&#8211;et_global_heading_font|800||on|||||&#8221; text_text_color=&#8221;#0C71C3&#8243; text_font_size=&#8221;10px&#8221; text_letter_spacing=&#8221;2px&#8221; header_font=&#8221;&#8211;et_global_body_font|800|||||||&#8221; header_text_align=&#8221;center&#8221; header_text_color=&#8221;#0d91d8&#8243; header_font_size=&#8221;40px&#8221; custom_margin=&#8221;||19px|||&#8221; header_text_align_tablet=&#8221;left&#8221; header_text_align_phone=&#8221;&#8221; header_text_align_last_edited=&#8221;on|tablet&#8221; locked=&#8221;off&#8221; global_colors_info=&#8221;{}&#8221;]<\/p>\n<h1 style=\"text-align: left;\">D\u0102RUIE\u0218TE<\/h1>\n<p>[\/et_pb_text][et_pb_text content_tablet=&#8221;<\/p>\n<p>F\u0103 ast\u0103zi o dona\u021bie care va \u00eembun\u0103t\u0103\u021bi viitorul unui copil rom\u00e2n aflat \u00een nevoie.<\/p>\n<p>Cadoul t\u0103u deductibil din impozite va oferi un mediu de acas\u0103 cre\u0219tin permanent \u0219i sigur, hran\u0103 hr\u0103nitoare \u0219i \u00eembr\u0103c\u0103minte cald\u0103, o educa\u021bie care \u00eei poate elibera de o via\u021b\u0103 de s\u0103r\u0103cie \u0219i bucuria de zi cu zi \u00een Domnul pe care o merit\u0103 fiecare copil.<\/p>\n<p>Lua\u021bi \u00een considerare cu rug\u0103ciune cum pute\u021bi avea un impact tangibil \u00een via\u021ba acestor copii pre\u021bio\u0219i.<\/p>\n<p>&#8221; content_phone=&#8221;<\/p>\n<p>F\u0103 ast\u0103zi o dona\u021bie care va \u00eembun\u0103t\u0103\u021bi viitorul unui copil rom\u00e2n aflat \u00een nevoie.<\/p>\n<p>Cadoul t\u0103u deductibil din impozite va oferi un mediu de acas\u0103 cre\u0219tin permanent \u0219i sigur, hran\u0103 hr\u0103nitoare \u0219i \u00eembr\u0103c\u0103minte cald\u0103, o educa\u021bie care \u00eei poate elibera de o via\u021b\u0103 de s\u0103r\u0103cie \u0219i bucuria de zi cu zi \u00een Domnul pe care o merit\u0103 fiecare copil.<\/p>\n<p>Lua\u021bi \u00een considerare cu rug\u0103ciune cum pute\u021bi avea un impact tangibil \u00een via\u021ba acestor copii pre\u021bio\u0219i.<\/p>\n<p>&#8221; content_last_edited=&#8221;on|phone&#8221; _builder_version=&#8221;4.27.4&#8243; text_font=&#8221;||||||||&#8221; text_text_color=&#8221;#000000&#8243; text_font_size=&#8221;19px&#8221; text_letter_spacing=&#8221;1px&#8221; text_line_height=&#8221;1.5em&#8221; header_font=&#8221;||||||||&#8221; header_6_font=&#8221;||||||||&#8221; hover_enabled=&#8221;0&#8243; text_font_size_tablet=&#8221;14px&#8221; text_font_size_phone=&#8221;14px&#8221; text_font_size_last_edited=&#8221;on|phone&#8221; text_orientation_tablet=&#8221;left&#8221; text_orientation_phone=&#8221;left&#8221; text_orientation_last_edited=&#8221;on|desktop&#8221; locked=&#8221;off&#8221; global_colors_info=&#8221;{}&#8221; sticky_enabled=&#8221;0&#8243;]<\/p>\n<p>Schimb\u0103 ast\u0103zi destinul unui copil din Rom\u00e2nia.<\/p>\n<p>Pentru mul\u021bi copii, \u201cacas\u0103\u201d nu \u00eenseamn\u0103 siguran\u021b\u0103, c\u0103ldur\u0103 sau iubire. Dar tu po\u021bi schimba asta. Prin dona\u021bia ta, oferi mai mult dec\u00e2t lucruri materiale: oferi speran\u021b\u0103, stabilitate \u0219i \u0219ansa la o via\u021b\u0103 demn\u0103.<\/p>\n<p>Contribu\u021bia ta poate \u00eensemna un c\u0103min sigur \u0219i plin de grij\u0103, mese calde \u00een fiecare zi, haine care \u00eei protejeaz\u0103 de frig \u0219i o educa\u021bie care deschide u\u0219i spre un viitor mai bun. Mai presus de toate, oferi bucurie, \u00eencredere \u0219i sentimentul c\u0103 nu sunt singuri.<\/p>\n<p>Fiecare copil merit\u0103 s\u0103 fie iubit, protejat \u0219i s\u0103 aib\u0103 un viitor. Ast\u0103zi, tu po\u021bi fi motivul pentru care un copil z\u00e2mbe\u0219te din nou.<\/p>\n<p>[\/et_pb_text][\/et_pb_column][\/et_pb_row][et_pb_row column_structure=&#8221;1_2,1_2&#8243; custom_padding_last_edited=&#8221;on|phone&#8221; module_class=&#8221;two-col-tablet&#8221; _builder_version=&#8221;4.27.4&#8243; background_enable_color=&#8221;off&#8221; width=&#8221;100%&#8221; width_tablet=&#8221;90%&#8221; width_phone=&#8221;90%&#8221; width_last_edited=&#8221;on|tablet&#8221; max_width=&#8221;1200px&#8221; max_width_tablet=&#8221;1200px&#8221; max_width_phone=&#8221;1200px&#8221; max_width_last_edited=&#8221;on|tablet&#8221; module_alignment=&#8221;center&#8221; custom_margin=&#8221;56px|auto||auto||&#8221; custom_padding=&#8221;0|0px|27px|61px|false|false&#8221; custom_padding_tablet=&#8221;|||0px|false|false&#8221; custom_padding_phone=&#8221;0|0px|27px|0px|false|false&#8221; border_radii=&#8221;on|50px|50px|50px|50px&#8221; global_colors_info=&#8221;{}&#8221;][et_pb_column type=&#8221;1_2&#8243; _builder_version=&#8221;4.16&#8243; custom_padding=&#8221;100px|||&#8221; custom_padding_tablet=&#8221;60px||&#8221; custom_padding_phone=&#8221;60px||&#8221; custom_padding_last_edited=&#8221;on|phone&#8221; global_colors_info=&#8221;{}&#8221; custom_padding__hover=&#8221;|||&#8221;][et_pb_image src=&#8221;https:\/\/fundatiabashford.com\/wp-content\/uploads\/2025\/04\/bsf-praytemp2.png&#8221; title_text=&#8221;bsf-praytemp2&#8243; _builder_version=&#8221;4.27.4&#8243; _module_preset=&#8221;default&#8221; width=&#8221;100%&#8221; width_tablet=&#8221;70%&#8221; width_phone=&#8221;70%&#8221; width_last_edited=&#8221;on|desktop&#8221; module_alignment=&#8221;center&#8221; global_colors_info=&#8221;{}&#8221;][\/et_pb_image][\/et_pb_column][et_pb_column type=&#8221;1_2&#8243; _builder_version=&#8221;4.16&#8243; custom_padding=&#8221;100px|||&#8221; custom_padding_tablet=&#8221;60px||&#8221; custom_padding_phone=&#8221;60px||&#8221; custom_padding_last_edited=&#8221;on|phone&#8221; global_colors_info=&#8221;{}&#8221; custom_padding__hover=&#8221;|||&#8221;][et_pb_text content_tablet=&#8221;<\/p>\n<h1 style=%22text-align: left;%22>Roag\u0103-te<\/h1>\n<p>&#8221; content_phone=&#8221;<\/p>\n<h1>Roag\u0103-te<\/h1>\n<p>&#8221; content_last_edited=&#8221;on|phone&#8221; _builder_version=&#8221;4.27.4&#8243; text_font=&#8221;&#8211;et_global_heading_font|800||on|||||&#8221; text_text_color=&#8221;#0C71C3&#8243; text_font_size=&#8221;10px&#8221; text_letter_spacing=&#8221;2px&#8221; header_font=&#8221;&#8211;et_global_body_font|800|||||||&#8221; header_text_align=&#8221;center&#8221; header_text_color=&#8221;#0d91d8&#8243; header_font_size=&#8221;40px&#8221; custom_margin=&#8221;||19px|||&#8221; header_text_align_tablet=&#8221;left&#8221; header_text_align_phone=&#8221;left&#8221; header_text_align_last_edited=&#8221;on|tablet&#8221; locked=&#8221;off&#8221; global_colors_info=&#8221;{}&#8221;]<\/p>\n<h1 style=\"text-align: left;\">ROAG\u0102-TE<\/h1>\n<p>[\/et_pb_text][et_pb_text content_tablet=&#8221;<\/p>\n<p>V\u0103 rug\u0103m s\u0103 v\u0103 ruga\u021bi pentru poporul Rom\u00e2niei \u0219i pentru echipele noastre \u00een timp ce slujim nevoilor lor.<\/p>\n<p>Roag\u0103-te s\u0103 fim centra\u021bi \u00een voia lui Dumnezeu prin serviciile pe care le oferim \u00een Rom\u00e2nia.<\/p>\n<p>Ruga\u021bi-v\u0103 copiii afla\u021bi \u00een grija noastr\u0103 s\u0103 experimenteze dragostea lui Dumnezeu prin intermediul p\u0103rin\u021bilor no\u0219tri care \u00eei \u00eengrijesc \u0219i s\u0103 se bucure de stabilitatea unei familii cre\u0219tine pline de compasiune.<\/p>\n<p>Ruga\u021bi-v\u0103 pentru orfanii, v\u0103duvele \u0219i familiile s\u0103race c\u0103rora le oferim \u00eengrijire s\u0103 experimenteze pacea, bucuria \u0219i dragostea lui Dumnezeu prin satisfacerea nevoilor lor fizice \u0219i spirituale.<\/p>\n<p>&#8221; content_phone=&#8221;<\/p>\n<p>V\u0103 rug\u0103m s\u0103 v\u0103 ruga\u021bi pentru poporul Rom\u00e2niei \u0219i pentru echipele noastre \u00een timp ce slujim nevoilor lor.<\/p>\n<p>Roag\u0103-te s\u0103 fim centra\u021bi \u00een voia lui Dumnezeu prin serviciile pe care le oferim \u00een Rom\u00e2nia.<\/p>\n<p>Ruga\u021bi-v\u0103 copiii afla\u021bi \u00een grija noastr\u0103 s\u0103 experimenteze dragostea lui Dumnezeu prin intermediul p\u0103rin\u021bilor no\u0219tri care \u00eei \u00eengrijesc \u0219i s\u0103 se bucure de stabilitatea unei familii cre\u0219tine pline de compasiune.<\/p>\n<p>Ruga\u021bi-v\u0103 pentru orfanii, v\u0103duvele \u0219i familiile s\u0103race c\u0103rora le oferim \u00eengrijire s\u0103 experimenteze pacea, bucuria \u0219i dragostea lui Dumnezeu prin satisfacerea nevoilor lor fizice \u0219i spirituale.<\/p>\n<p>&#8221; content_last_edited=&#8221;on|phone&#8221; _builder_version=&#8221;4.27.4&#8243; text_font=&#8221;||||||||&#8221; text_text_color=&#8221;#000000&#8243; text_font_size=&#8221;19px&#8221; text_letter_spacing=&#8221;1px&#8221; text_line_height=&#8221;1.5em&#8221; header_font=&#8221;||||||||&#8221; header_6_font=&#8221;||||||||&#8221; text_font_size_tablet=&#8221;16px&#8221; text_font_size_phone=&#8221;13px&#8221; text_font_size_last_edited=&#8221;on|phone&#8221; text_orientation_tablet=&#8221;left&#8221; text_orientation_phone=&#8221;left&#8221; text_orientation_last_edited=&#8221;on|desktop&#8221; locked=&#8221;off&#8221; global_colors_info=&#8221;{}&#8221;]<\/p>\n<p>V\u0103 invit\u0103m s\u0103 purta\u021bi \u00een rug\u0103ciune lucrarea noastr\u0103 \u0219i pe cei care slujesc zi de zi cu d\u0103ruire \u0219i credin\u021b\u0103.<\/p>\n<p>Ruga\u021bi-v\u0103 ca tot ceea ce facem s\u0103 r\u0103m\u00e2n\u0103 ancorat \u00een voia lui Dumnezeu \u0219i ca fiecare ac\u021biune s\u0103 fie ghidat\u0103 de dragoste, \u00een\u021belepciune \u0219i compasiune.<\/p>\n<p>Purta\u021bi \u00een inim\u0103 copiii afla\u021bi \u00een grija noastr\u0103, ca ei s\u0103 simt\u0103 cu adev\u0103rat dragostea lui Dumnezeu prin bra\u021bele p\u0103rin\u021bilor care \u00eei \u00eengrijesc \u0219i s\u0103 creasc\u0103 \u00een siguran\u021ba \u0219i c\u0103ldura unei familii cre\u0219tine.<\/p>\n<p>Ruga\u021bi-v\u0103 pentru orfani, v\u0103duve \u0219i familiile aflate \u00een nevoie, ca, dincolo de ajutorul primit, s\u0103 descopere pacea, bucuria \u0219i iubirea lui Dumnezeu, o iubire care vindec\u0103, \u00eent\u0103re\u0219te \u0219i d\u0103 speran\u021b\u0103.<\/p>\n<p>\u00cempreun\u0103, prin rug\u0103ciune, putem aduce lumin\u0103 acolo unde este nevoie cel mai mult.<\/p>\n<p>[\/et_pb_text][\/et_pb_column][\/et_pb_row][et_pb_row column_structure=&#8221;1_2,1_2&#8243; custom_padding_last_edited=&#8221;on|phone&#8221; module_class=&#8221;two-col-tablet&#8221; _builder_version=&#8221;4.27.4&#8243; background_enable_color=&#8221;off&#8221; width=&#8221;100%&#8221; width_tablet=&#8221;90%&#8221; width_phone=&#8221;90%&#8221; width_last_edited=&#8221;on|tablet&#8221; max_width=&#8221;1200px&#8221; max_width_tablet=&#8221;1200px&#8221; max_width_phone=&#8221;1200px&#8221; max_width_last_edited=&#8221;on|tablet&#8221; module_alignment=&#8221;center&#8221; custom_margin=&#8221;56px|auto||auto||&#8221; custom_padding=&#8221;0|0px|27px|61px|false|false&#8221; custom_padding_tablet=&#8221;0|0px|25px|0px|false|false&#8221; custom_padding_phone=&#8221;0|0px|27px|0px|false|false&#8221; border_radii=&#8221;on|50px|50px|50px|50px&#8221; global_colors_info=&#8221;{}&#8221;][et_pb_column type=&#8221;1_2&#8243; _builder_version=&#8221;4.16&#8243; custom_padding=&#8221;100px|||&#8221; custom_padding_tablet=&#8221;60px||&#8221; custom_padding_phone=&#8221;60px||&#8221; custom_padding_last_edited=&#8221;on|phone&#8221; global_colors_info=&#8221;{}&#8221; custom_padding__hover=&#8221;|||&#8221;][et_pb_image src=&#8221;https:\/\/fundatiabashford.com\/wp-content\/uploads\/2025\/04\/bsf-praisetemp1.png&#8221; title_text=&#8221;bsf-praisetemp1&#8243; _builder_version=&#8221;4.27.4&#8243; _module_preset=&#8221;default&#8221; width=&#8221;100%&#8221; width_tablet=&#8221;70%&#8221; width_phone=&#8221;70%&#8221; width_last_edited=&#8221;on|desktop&#8221; module_alignment=&#8221;center&#8221; global_colors_info=&#8221;{}&#8221;][\/et_pb_image][\/et_pb_column][et_pb_column type=&#8221;1_2&#8243; _builder_version=&#8221;4.16&#8243; custom_padding=&#8221;100px|||&#8221; custom_padding_tablet=&#8221;60px||&#8221; custom_padding_phone=&#8221;60px||&#8221; custom_padding_last_edited=&#8221;on|phone&#8221; global_colors_info=&#8221;{}&#8221; custom_padding__hover=&#8221;|||&#8221;][et_pb_text content_tablet=&#8221;<\/p>\n<h1>Lauda\u021bi<\/h1>\n<p>&#8221; content_phone=&#8221;<\/p>\n<h1 style=%22text-align: center;%22>Lauda\u021bi<\/h1>\n<p>&#8221; content_last_edited=&#8221;on|phone&#8221; _builder_version=&#8221;4.27.4&#8243; text_font=&#8221;&#8211;et_global_heading_font|800||on|||||&#8221; text_text_color=&#8221;#0C71C3&#8243; text_font_size=&#8221;10px&#8221; text_letter_spacing=&#8221;2px&#8221; header_font=&#8221;&#8211;et_global_body_font|800|||||||&#8221; header_text_align=&#8221;left&#8221; header_text_color=&#8221;#0d91d8&#8243; header_font_size=&#8221;40px&#8221; custom_margin=&#8221;-10px||19px|||&#8221; locked=&#8221;off&#8221; global_colors_info=&#8221;{}&#8221;]<\/p>\n<h1 style=\"text-align: left;\">Lauda<\/h1>\n<p>[\/et_pb_text][et_pb_text content_tablet=&#8221;<\/p>\n<p>L\u0103uda\u021bi-L pe Dumnezeu pentru prevederea Sa de a ajunge \u00een Rom\u00e2nia prin donatorii \u0219i voluntarii no\u0219tri genero\u0219i.<\/p>\n<p>L\u0103uda\u021bi-L pe Dumnezeu pentru r\u0103zboinicii \u0219i sus\u021bin\u0103torii no\u0219tri de rug\u0103ciune care ne acoper\u0103 cu credincio\u0219ie misiunea \u00een rug\u0103ciune.<\/p>\n<p>Slav\u0103 Domnului pentru cei dispu\u0219i s\u0103 fac\u0103 misiune \u0219i s\u0103 slujeasc\u0103 rom\u00e2nilor afla\u021bi \u00een nevoie.<\/p>\n<p>L\u0103uda\u021bi-L pe Dumnezeu pentru via\u021ba transformat\u0103 a copiilor \u0219i a familiilor \u0219i pentru protec\u021bia Lui pe m\u0103sur\u0103 ce ace\u0219tia merg \u00eenainte.<\/p>\n<p>\u00a0<\/p>\n<p>&#8221; content_phone=&#8221;<\/p>\n<p>L\u0103uda\u021bi-L pe Dumnezeu pentru prevederea Sa de a ajunge \u00een Rom\u00e2nia prin donatorii \u0219i voluntarii no\u0219tri genero\u0219i.<\/p>\n<p>L\u0103uda\u021bi-L pe Dumnezeu pentru r\u0103zboinicii \u0219i sus\u021bin\u0103torii no\u0219tri de rug\u0103ciune care ne acoper\u0103 cu credincio\u0219ie misiunea \u00een rug\u0103ciune.<\/p>\n<p>Slav\u0103 Domnului pentru cei dispu\u0219i s\u0103 fac\u0103 misiune \u0219i s\u0103 slujeasc\u0103 rom\u00e2nilor afla\u021bi \u00een nevoie.<\/p>\n<p>L\u0103uda\u021bi-L pe Dumnezeu pentru via\u021ba transformat\u0103 a copiilor \u0219i a familiilor \u0219i pentru protec\u021bia Lui pe m\u0103sur\u0103 ce ace\u0219tia avanseaz\u0103.\u201d<\/p>\n<p>&#8221; content_last_edited=&#8221;on|phone&#8221; _builder_version=&#8221;4.27.4&#8243; text_font=&#8221;||||||||&#8221; text_text_color=&#8221;#000000&#8243; text_font_size=&#8221;19px&#8221; text_letter_spacing=&#8221;1px&#8221; text_line_height=&#8221;1.5em&#8221; header_font=&#8221;||||||||&#8221; header_6_font=&#8221;||||||||&#8221; custom_padding=&#8221;3px||3px|10px|true|false&#8221; custom_padding_tablet=&#8221;3px||3px|0px|true|false&#8221; custom_padding_phone=&#8221;|||0px|true|false&#8221; custom_padding_last_edited=&#8221;on|phone&#8221; text_font_size_tablet=&#8221;15px&#8221; text_font_size_phone=&#8221;14px&#8221; text_font_size_last_edited=&#8221;on|phone&#8221; text_orientation_tablet=&#8221;&#8221; text_orientation_phone=&#8221;left&#8221; text_orientation_last_edited=&#8221;on|desktop&#8221; locked=&#8221;off&#8221; global_colors_info=&#8221;{}&#8221;]<\/p>\n<p>\u00cei aducem mul\u021bumire lui Dumnezeu pentru grija Sa credincioas\u0103, ar\u0103tat\u0103 prin generozitatea donatorilor \u0219i implicarea voluntarilor care sus\u021bin lucrarea Funda\u021biei Bashford.<\/p>\n<p>Suntem recunosc\u0103tori pentru fiecare persoan\u0103 care ne \u00eenso\u021be\u0219te \u00een rug\u0103ciune, sprijinind aceast\u0103 misiune cu statornicie, credin\u021b\u0103 \u0219i dedicare.<\/p>\n<p>\u00cel sl\u0103vim pe Dumnezeu pentru cei care r\u0103spund chem\u0103rii de a sluji \u0219i aleg s\u0103 fie aproape de rom\u00e2nii afla\u021bi \u00een nevoie, oferind ajutor cu inim\u0103 deschis\u0103.<\/p>\n<p>\u00cei mul\u021bumim pentru vie\u021bile transformate, pentru copiii \u0219i familiile care descoper\u0103 speran\u021b\u0103, restaurare \u0219i un nou \u00eenceput, sub ocrotirea \u0219i c\u0103l\u0103uzirea Sa.<\/p>\n<p>[\/et_pb_text][\/et_pb_column][\/et_pb_row][\/et_pb_section]<\/p>\n","protected":false},"excerpt":{"rendered":"<p>D\u0102RUIE\u0218TESchimb\u0103 ast\u0103zi destinul unui copil din Rom\u00e2nia. Pentru mul\u021bi copii, \u201cacas\u0103\u201d nu \u00eenseamn\u0103 siguran\u021b\u0103, c\u0103ldur\u0103 sau iubire. Dar tu po\u021bi schimba asta. Prin dona\u021bia ta, oferi mai mult dec\u00e2t lucruri materiale: oferi speran\u021b\u0103, stabilitate \u0219i \u0219ansa la o via\u021b\u0103 demn\u0103. Contribu\u021bia ta poate \u00eensemna un c\u0103min sigur \u0219i plin de grij\u0103, mese calde \u00een fiecare [&hellip;]<\/p>\n","protected":false},"author":1,"featured_media":0,"parent":0,"menu_order":0,"comment_status":"closed","ping_status":"closed","template":"","meta":{"_et_pb_use_builder":"on","_et_pb_old_content":"","_et_gb_content_width":"","footnotes":""},"class_list":["post-335","page","type-page","status-publish","hentry"],"_links":{"self":[{"href":"https:\/\/fundatiabashford.com\/index.php\/wp-json\/wp\/v2\/pages\/335","targetHints":{"allow":["GET"]}}],"collection":[{"href":"https:\/\/fundatiabashford.com\/index.php\/wp-json\/wp\/v2\/pages"}],"about":[{"href":"https:\/\/fundatiabashford.com\/index.php\/wp-json\/wp\/v2\/types\/page"}],"author":[{"embeddable":true,"href":"https:\/\/fundatiabashford.com\/index.php\/wp-json\/wp\/v2\/users\/1"}],"replies":[{"embeddable":true,"href":"https:\/\/fundatiabashford.com\/index.php\/wp-json\/wp\/v2\/comments?post=335"}],"version-history":[{"count":27,"href":"https:\/\/fundatiabashford.com\/index.php\/wp-json\/wp\/v2\/pages\/335\/revisions"}],"predecessor-version":[{"id":905,"href":"https:\/\/fundatiabashford.com\/index.php\/wp-json\/wp\/v2\/pages\/335\/revisions\/905"}],"wp:attachment":[{"href":"https:\/\/fundatiabashford.com\/index.php\/wp-json\/wp\/v2\/media?parent=335"}],"curies":[{"name":"wp","href":"https:\/\/api.w.org\/{rel}","templated":true}]}}