{"id":576,"date":"2025-05-11T08:37:32","date_gmt":"2025-05-11T08:37:32","guid":{"rendered":"https:\/\/fundatiabashford.com\/?page_id=576"},"modified":"2025-06-19T11:44:04","modified_gmt":"2025-06-19T11:44:04","slug":"conducere","status":"publish","type":"page","link":"https:\/\/fundatiabashford.com\/index.php\/conducere\/","title":{"rendered":"Governul \u0218i Conducere"},"content":{"rendered":"<p>[et_pb_section fb_built=&#8221;1&#8243; disabled_on=&#8221;off|off|off&#8221; _builder_version=&#8221;4.27.4&#8243; _module_preset=&#8221;default&#8221; height_tablet=&#8221;&#8221; height_phone=&#8221;auto&#8221; height_last_edited=&#8221;on|phone&#8221; custom_padding=&#8221;0px||0px||true|false&#8221; filter_opacity_tablet=&#8221;&#8221; filter_opacity_phone=&#8221;&#8221; filter_opacity_last_edited=&#8221;on|phone&#8221; global_colors_info=&#8221;{}&#8221;][et_pb_row column_structure=&#8221;1_2,1_2&#8243; use_custom_gutter=&#8221;on&#8221; gutter_width=&#8221;1&#8243; make_equal=&#8221;on&#8221; padding_top_bottom_link_1=&#8221;true&#8221; padding_top_bottom_link_2=&#8221;true&#8221; disabled_on=&#8221;off|off|off&#8221; admin_label=&#8221;Two CTA Row&#8221; module_class=&#8221;two-col-tablet&#8221; _builder_version=&#8221;4.27.4&#8243; z_index=&#8221;6&#8243; width=&#8221;100%&#8221; width_tablet=&#8221;100%&#8221; width_phone=&#8221;100%&#8221; width_last_edited=&#8221;on|desktop&#8221; max_width=&#8221;100%&#8221; max_width_tablet=&#8221;100%&#8221; max_width_phone=&#8221;&#8221; max_width_last_edited=&#8221;on|desktop&#8221; custom_margin=&#8221;||0px||false|false&#8221; custom_padding=&#8221;0px|0px|0px|0px&#8221; hover_transition_duration=&#8221;0ms&#8221; make_fullwidth=&#8221;on&#8221; global_colors_info=&#8221;{}&#8221;][et_pb_column type=&#8221;1_2&#8243; disabled_on=&#8221;off|off|off&#8221; _builder_version=&#8221;4.27.4&#8243; use_background_color_gradient=&#8221;on&#8221; background_color_gradient_direction=&#8221;90deg&#8221; background_color_gradient_stops=&#8221;rgba(227,232,242,0.72) 0%|#e3e8f2 60%&#8221; background_color_gradient_overlays_image=&#8221;on&#8221; background_color_gradient_start=&#8221;rgba(227,232,242,0.72)&#8221; background_color_gradient_end=&#8221;#e3e8f2&#8243; background_color_gradient_end_position=&#8221;60%&#8221; background_image=&#8221;https:\/\/fundatiabashford.com\/wp-content\/uploads\/2025\/04\/Group-3-Copy.jpg&#8221; custom_padding=&#8221;120px|80px|120px|10%&#8221; custom_padding_tablet=&#8221;|10%||10%||true&#8221; custom_padding_phone=&#8221;|5%||5%|false|true&#8221; custom_padding_last_edited=&#8221;on|tablet&#8221; global_colors_info=&#8221;{}&#8221; padding_tablet=&#8221;|10%||10%||true&#8221; padding_last_edited=&#8221;on|tablet&#8221; custom_padding__hover=&#8221;|||&#8221; padding_phone=&#8221;|10%||10%||true&#8221;][et_pb_image src=&#8221;https:\/\/fundatiabashford.com\/wp-content\/uploads\/2025\/05\/chris-leader.png&#8221; title_text=&#8221;chris-leader&#8221; _builder_version=&#8221;4.27.4&#8243; _module_preset=&#8221;default&#8221; global_colors_info=&#8221;{}&#8221;][\/et_pb_image][et_pb_text content_tablet=&#8221;<\/p>\n<h1>Chris Gilliam<\/h1>\n<p>&#8221; content_phone=&#8221;<\/p>\n<h1 style=%22text-align: center;%22>ministerul nostru<\/h1>\n<p>&#8221; content_last_edited=&#8221;on|phone&#8221; _builder_version=&#8221;4.27.4&#8243; text_font=&#8221;&#8211;et_global_heading_font|800||on|||||&#8221; text_text_color=&#8221;#0C71C3&#8243; text_font_size=&#8221;10px&#8221; text_letter_spacing=&#8221;2px&#8221; header_font=&#8221;&#8211;et_global_body_font|800|||||||&#8221; header_text_align=&#8221;center&#8221; header_text_color=&#8221;#0d91d8&#8243; header_font_size=&#8221;40px&#8221; custom_margin=&#8221;40px||19px|||&#8221; custom_padding=&#8221;||0px|||&#8221; header_text_align_tablet=&#8221;left&#8221; header_text_align_phone=&#8221;left&#8221; header_text_align_last_edited=&#8221;on|desktop&#8221; header_font_size_tablet=&#8221;24px&#8221; header_font_size_phone=&#8221;24px&#8221; header_font_size_last_edited=&#8221;on|tablet&#8221; locked=&#8221;off&#8221; global_colors_info=&#8221;{}&#8221;]<\/p>\n<h1 style=\"text-align: left;\">Chris Gilliam<\/h1>\n<p>[\/et_pb_text][et_pb_text content_tablet=&#8221;<\/p>\n<h1>Director Executiv<\/h1>\n<p>&#8221; content_phone=&#8221;<\/p>\n<h1 style=%22text-align: center;%22>ministerul nostru<\/h1>\n<p>&#8221; content_last_edited=&#8221;on|phone&#8221; _builder_version=&#8221;4.27.4&#8243; text_font=&#8221;&#8211;et_global_heading_font|800||on|||||&#8221; text_text_color=&#8221;#0C71C3&#8243; text_font_size=&#8221;10px&#8221; text_letter_spacing=&#8221;2px&#8221; header_font=&#8221;&#8211;et_global_body_font|600|||||||&#8221; header_text_align=&#8221;left&#8221; header_text_color=&#8221;#E09900&#8243; header_font_size=&#8221;27px&#8221; custom_margin=&#8221;-5px||19px|||&#8221; header_font_size_tablet=&#8221;17px&#8221; header_font_size_phone=&#8221;17px&#8221; header_font_size_last_edited=&#8221;on|tablet&#8221; locked=&#8221;off&#8221; global_colors_info=&#8221;{}&#8221;]<\/p>\n<h1 style=\"text-align: left;\">Director executiv<\/h1>\n<p>[\/et_pb_text][et_pb_text content_tablet=&#8221;<\/p>\n<p>Reach Romania provides permanent, loving, Christ-centered homes and programs for orphaned and abandoned children in Romania. We are called to intentionally invest the love of Jesus Christ by giving them a safe place where they can heal from past trauma, grow up in a family environment, and come to know the everyday joy in the Lord that every child deserves.<\/p>\n<p>&#8221; content_phone=&#8221;<\/p>\n<p style=%22text-align: center;%22>Reach Rom\u00e2nia investe\u0219te \u00een cultivarea caselor centrate pe Hristos, dedicate s\u0103 ofere un refugiu sigur pentru copiii deservi\u021bi \u0219i abandona\u021bi din Rom\u00e2nia, precum \u0219i \u00eengrijire atent\u0103 pentru v\u0103duvele rom\u00e2ne s\u0103race.<\/p>\n<p>&#8221; content_last_edited=&#8221;on|phone&#8221; _builder_version=&#8221;4.27.4&#8243; text_font=&#8221;||||||||&#8221; text_text_color=&#8221;#000000&#8243; text_font_size=&#8221;19px&#8221; text_letter_spacing=&#8221;1px&#8221; text_line_height=&#8221;1.5em&#8221; header_font=&#8221;||||||||&#8221; header_6_font=&#8221;||||||||&#8221; text_font_size_tablet=&#8221;&#8221; text_font_size_phone=&#8221;14px&#8221; text_font_size_last_edited=&#8221;on|phone&#8221; text_orientation_tablet=&#8221;left&#8221; text_orientation_phone=&#8221;center&#8221; text_orientation_last_edited=&#8221;on|desktop&#8221; locked=&#8221;off&#8221; global_colors_info=&#8221;{}&#8221;]<\/p>\n<p>Funda\u021bie Bashord ofer\u0103 case \u0219i programe permanente, iubitoare, centrate pe Hristos pentru copiii orfani \u0219i abandona\u021bi din Rom\u00e2nia. Suntem chema\u021bi s\u0103 investim \u00een mod inten\u021bionat dragostea lui Isus Hristos, oferindu-le un loc sigur unde se pot vindeca de traume trecute, s\u0103 creasc\u0103 \u00eentr-un mediu familial \u0219i s\u0103 cunoasc\u0103 bucuria de zi cu zi \u00een Domnul pe care o merit\u0103 fiecare copil.<\/p>\n<p>[\/et_pb_text][\/et_pb_column][et_pb_column type=&#8221;1_2&#8243; disabled_on=&#8221;off|off|off&#8221; _builder_version=&#8221;4.27.4&#8243; use_background_color_gradient=&#8221;on&#8221; background_color_gradient_direction=&#8221;90deg&#8221; background_color_gradient_stops=&#8221;rgba(15,203,255,0.91) 40%|rgba(74,114,224,0.6) 100%&#8221; background_color_gradient_overlays_image=&#8221;on&#8221; background_color_gradient_start=&#8221;#ff7355&#8243; background_color_gradient_start_position=&#8221;40%&#8221; background_color_gradient_end=&#8221;rgba(255,115,85,0.6)&#8221; background_image=&#8221;https:\/\/fundatiabashford.com\/wp-content\/uploads\/2025\/04\/Group-3-Copy-6.jpg&#8221; z_index=&#8221;6&#8243; custom_padding=&#8221;120px|10%|120px|80px&#8221; custom_padding_tablet=&#8221;|10%||10%||true&#8221; custom_padding_phone=&#8221;|5%||5%|false|true&#8221; custom_padding_last_edited=&#8221;on|tablet&#8221; global_colors_info=&#8221;{}&#8221; padding_tablet=&#8221;|10%||10%||true&#8221; padding_last_edited=&#8221;on|tablet&#8221; custom_padding__hover=&#8221;|||&#8221; padding_phone=&#8221;|10%||10%||true&#8221;][et_pb_image src=&#8221;https:\/\/fundatiabashford.com\/wp-content\/uploads\/2025\/05\/Screenshot-2025-05-11-at-11.55.34.png&#8221; title_text=&#8221;Screenshot 2025-05-11 at 11.55.34&#8243; _builder_version=&#8221;4.27.4&#8243; _module_preset=&#8221;default&#8221; width=&#8221;83%&#8221; global_colors_info=&#8221;{}&#8221;][\/et_pb_image][et_pb_text content_tablet=&#8221;<\/p>\n<h1>James McPherson<\/h1>\n<p>&#8221; content_phone=&#8221;<\/p>\n<h1 style=%22text-align: center;%22>obiectivele noastre<\/h1>\n<p>&#8221; content_last_edited=&#8221;on|phone&#8221; _builder_version=&#8221;4.27.4&#8243; text_font=&#8221;&#8211;et_global_heading_font|800||on|||||&#8221; text_text_color=&#8221;#0C71C3&#8243; text_font_size=&#8221;10px&#8221; text_letter_spacing=&#8221;2px&#8221; header_font=&#8221;&#8211;et_global_body_font|800|||||||&#8221; header_text_align=&#8221;left&#8221; header_text_color=&#8221;#FFFFFF&#8221; header_font_size=&#8221;20px&#8221; custom_margin=&#8221;40px||19px|||&#8221; header_text_align_tablet=&#8221;left&#8221; header_text_align_phone=&#8221;left&#8221; header_text_align_last_edited=&#8221;on|tablet&#8221; locked=&#8221;off&#8221; global_colors_info=&#8221;{}&#8221;]<\/p>\n<h1 style=\"text-align: left;\">James McPherson<\/h1>\n<p>[\/et_pb_text][et_pb_text content_tablet=&#8221;<\/p>\n<h1>Pre\u0219edinte al Consiliului<\/h1>\n<p>&#8221; content_phone=&#8221;<\/p>\n<h1 style=%22text-align: center;%22>ministerul nostru<\/h1>\n<p>&#8221; content_last_edited=&#8221;on|phone&#8221; _builder_version=&#8221;4.27.4&#8243; text_font=&#8221;&#8211;et_global_heading_font|800||on|||||&#8221; text_text_color=&#8221;#0C71C3&#8243; text_font_size=&#8221;10px&#8221; text_letter_spacing=&#8221;2px&#8221; header_font=&#8221;&#8211;et_global_body_font|600|||||||&#8221; header_text_align=&#8221;left&#8221; header_text_color=&#8221;#0C71C3&#8243; header_font_size=&#8221;23px&#8221; custom_margin=&#8221;-5px||19px|||&#8221; locked=&#8221;off&#8221; global_colors_info=&#8221;{}&#8221;]<\/p>\n<h1 style=\"text-align: left;\">Pre\u0219edinte al Consiliului<\/h1>\n<p>[\/et_pb_text][et_pb_text content_tablet=&#8221;<\/p>\n<p>Schimbarea rapid\u0103 a sistemelor de \u00eengrijire a copiilor str\u0103muta\u021bi din Rom\u00e2nia prezint\u0103 multe lacune de servicii, l\u0103s\u00e2nd mul\u021bi copii orfani sau abandona\u021bi f\u0103r\u0103 unde s\u0103 mearg\u0103. Casele \u0219i p\u0103rin\u021bii no\u0219tri casei umplu acele goluri.<\/p>\n<p>Ne str\u0103duim s\u0103 transmitem un mesaj de speran\u021b\u0103 prin hran\u0103, \u00eembr\u0103c\u0103minte, ad\u0103post \u0219i Evanghelia lui Isus Hristos.<\/p>\n<p>Lucr\u0103m pentru a \u00eemputernici poporul rom\u00e2n cu preg\u0103tire \u0219i instrumente, astfel \u00eenc\u00e2t s\u0103 fie echipat s\u0103 investeasc\u0103 \u00een vie\u021bile copiilor \u0219i familiilor rom\u00e2ne\u0219ti defavorizate.<\/p>\n<p>&#8221; content_phone=&#8221;<\/p>\n<p style=%22text-align: center;%22>Reach Rom\u00e2nia investe\u0219te \u00een cultivarea caselor centrate pe Hristos, dedicate s\u0103 ofere un refugiu sigur pentru copiii deservi\u021bi \u0219i abandona\u021bi din Rom\u00e2nia, precum \u0219i \u00eengrijire atent\u0103 pentru v\u0103duvele rom\u00e2ne s\u0103race.<\/p>\n<p>&#8221; content_last_edited=&#8221;on|phone&#8221; _builder_version=&#8221;4.27.4&#8243; text_font=&#8221;||||||||&#8221; text_text_color=&#8221;#000000&#8243; text_font_size=&#8221;19px&#8221; text_letter_spacing=&#8221;1px&#8221; text_line_height=&#8221;1.5em&#8221; header_font=&#8221;||||||||&#8221; header_6_font=&#8221;||||||||&#8221; text_font_size_tablet=&#8221;&#8221; text_font_size_phone=&#8221;14px&#8221; text_font_size_last_edited=&#8221;on|phone&#8221; text_orientation_tablet=&#8221;left&#8221; text_orientation_phone=&#8221;center&#8221; text_orientation_last_edited=&#8221;on|desktop&#8221; locked=&#8221;off&#8221; global_colors_info=&#8221;{}&#8221;]<\/p>\n<p><span>James built his 30+ year career in the energy sector and currently serves as Director of LNG Operations. James was part of the first team to travel to Romania with Dr. Ted Bashford and has been missioning to Romania to teach and serve since 2000.<\/span><\/p>\n<p>[\/et_pb_text][\/et_pb_column][\/et_pb_row][\/et_pb_section][et_pb_section fb_built=&#8221;1&#8243; _builder_version=&#8221;4.27.4&#8243; _module_preset=&#8221;default&#8221; background_color=&#8221;rgba(0,0,0,0.01)&#8221; custom_padding=&#8221;7px|||||&#8221; global_colors_info=&#8221;{}&#8221;][et_pb_row column_structure=&#8221;1_2,1_2&#8243; module_class=&#8221;two-col-tablet&#8221; _builder_version=&#8221;4.27.4&#8243; _module_preset=&#8221;default&#8221; width=&#8221;70%&#8221; width_tablet=&#8221;90%&#8221; width_phone=&#8221;90%&#8221; width_last_edited=&#8221;on|desktop&#8221; max_width=&#8221;1104px&#8221; max_width_tablet=&#8221;740px&#8221; max_width_phone=&#8221;740px&#8221; max_width_last_edited=&#8221;on|tablet&#8221; custom_margin=&#8221;72px|auto||auto||&#8221; custom_padding=&#8221;17px|||||&#8221; hover_enabled=&#8221;0&#8243; global_colors_info=&#8221;{}&#8221; sticky_enabled=&#8221;0&#8243;][et_pb_column type=&#8221;1_2&#8243; module_class=&#8221;two-col-mobile-down&#8221; _builder_version=&#8221;4.27.4&#8243; _module_preset=&#8221;default&#8221; global_colors_info=&#8221;{}&#8221;][et_pb_text _builder_version=&#8221;4.27.4&#8243; _module_preset=&#8221;default&#8221; header_font=&#8221;&#8211;et_global_heading_font|700|||||||&#8221; header_text_align=&#8221;left&#8221; header_text_color=&#8221;#0C71C3&#8243; header_font_size=&#8221;42px&#8221; header_line_height=&#8221;1.3em&#8221; min_height=&#8221;48.6px&#8221; custom_padding=&#8221;8px|||||&#8221; header_font_size_tablet=&#8221;30px&#8221; header_font_size_phone=&#8221;34px&#8221; header_font_size_last_edited=&#8221;on|phone&#8221; global_colors_info=&#8221;{}&#8221;]<\/p>\n<div class=\"elementor-element elementor-element-ce65638 elementor-widget elementor-widget-heading\" data-id=\"ce65638\" data-element_type=\"widget\" data-widget_type=\"heading.default\">\n<div class=\"elementor-widget-container\">\n<h1 class=\"elementor-heading-title elementor-size-default\">Ted Bashford<\/h1>\n<\/div>\n<\/div>\n<p>[\/et_pb_text][et_pb_cta button_url=&#8221;#top&#8221; admin_label=&#8221;School CTA&#8221; _builder_version=&#8221;4.27.4&#8243; header_font=&#8221;Cabin Sketch|700||on|||||&#8221; header_font_size=&#8221;46px&#8221; header_letter_spacing=&#8221;6px&#8221; header_line_height=&#8221;1.5em&#8221; body_font=&#8221;|600|||||||&#8221; body_text_align=&#8221;left&#8221; body_text_color=&#8221;rgba(0,0,0,0.57)&#8221; body_font_size=&#8221;17px&#8221; body_line_height=&#8221;26px&#8221; body_ul_font=&#8221;|600|||||||&#8221; body_ul_font_size=&#8221;24px&#8221; body_ul_line_height=&#8221;2.2em&#8221; use_background_color=&#8221;off&#8221; custom_button=&#8221;on&#8221; button_text_size=&#8221;16px&#8221; button_text_color=&#8221;#ffffff&#8221; button_bg_color=&#8221;rgba(255,255,255,0.1)&#8221; button_border_width=&#8221;10px&#8221; button_border_color=&#8221;rgba(65,65,144,0)&#8221; button_border_radius=&#8221;70px&#8221; button_font=&#8221;Rubik|700|||||||&#8221; button_use_icon=&#8221;off&#8221; text_orientation=&#8221;left&#8221; width=&#8221;94%&#8221; max_width_tablet=&#8221;&#8221; max_width_phone=&#8221;&#8221; max_width_last_edited=&#8221;on|desktop&#8221; module_alignment=&#8221;left&#8221; custom_margin=&#8221;7px|||||&#8221; custom_padding=&#8221;|30px||||&#8221; hover_enabled=&#8221;0&#8243; header_font_size_tablet=&#8221;&#8221; header_font_size_phone=&#8221;30px&#8221; header_font_size_last_edited=&#8221;on|phone&#8221; body_font_size_tablet=&#8221;13px&#8221; body_font_size_phone=&#8221;15px&#8221; body_font_size_last_edited=&#8221;on|tablet&#8221; button_text_color_hover=&#8221;#e00b00&#8243; button_border_radius_hover=&#8221;70px&#8221; button_bg_color_hover=&#8221;#ffffff&#8221; global_colors_info=&#8221;{}&#8221; button_text_size__hover_enabled=&#8221;off&#8221; button_one_text_size__hover_enabled=&#8221;off&#8221; button_two_text_size__hover_enabled=&#8221;off&#8221; button_text_color__hover_enabled=&#8221;on&#8221; button_text_color__hover=&#8221;#e00b00&#8243; button_one_text_color__hover_enabled=&#8221;off&#8221; button_two_text_color__hover_enabled=&#8221;off&#8221; button_border_width__hover_enabled=&#8221;off&#8221; button_one_border_width__hover_enabled=&#8221;off&#8221; button_two_border_width__hover_enabled=&#8221;off&#8221; button_border_color__hover_enabled=&#8221;off&#8221; button_one_border_color__hover_enabled=&#8221;off&#8221; button_two_border_color__hover_enabled=&#8221;off&#8221; button_border_radius__hover_enabled=&#8221;on&#8221; button_border_radius__hover=&#8221;70px&#8221; button_one_border_radius__hover_enabled=&#8221;off&#8221; button_two_border_radius__hover_enabled=&#8221;off&#8221; button_letter_spacing__hover_enabled=&#8221;off&#8221; button_one_letter_spacing__hover_enabled=&#8221;off&#8221; button_two_letter_spacing__hover_enabled=&#8221;off&#8221; button_bg_color__hover_enabled=&#8221;on&#8221; button_bg_color__hover=&#8221;#ffffff&#8221; button_one_bg_color__hover_enabled=&#8221;off&#8221; button_two_bg_color__hover_enabled=&#8221;off&#8221; sticky_enabled=&#8221;0&#8243; body_text_align_last_edited=&#8221;off|tablet&#8221;]<\/p>\n<p>Funda\u021bia Bashford este un minister n\u0103scut din Misiunea Uniunii din Norfolk, Virginia. Situat \u00een ora\u0219ul Lugoj, Rom\u00e2nia, ministerul a fost viziunea regretatului dr. Ted Bashford, fost director executiv al Misiunii Unirii timp de 53 de ani. Dorin\u021ba lui era de a alina suferin\u021ba fizic\u0103 \u0219i spiritual\u0103 a poporului rom\u00e2n \u201ehr\u0103nind trup \u0219i suflet\u201d.<\/p>\n<p>Un om cu viziune, credin\u021b\u0103 \u0219i compasiune, Dr. Bashford a avut o dragoste profund\u0103 pentru cei s\u0103raci \u0219i nevoia\u0219i \u2013 \u00een special pentru copii \u0219i b\u0103tr\u00e2ni. \u00cen 1993, a urm\u0103rit segmentul de \u0219tiri 20\/20 care expunea condi\u021biile copiilor orfani din Rom\u00e2nia \u0219i inima i-a fost profund mi\u0219cat\u0103. Dup\u0103 ani de rug\u0103ciune, \u00een octombrie 2000, la v\u00e2rsta de 80 de ani, a f\u0103cut prima c\u0103l\u0103torie \u00een Rom\u00e2nia.<\/p>\n<p>[\/et_pb_cta][\/et_pb_column][et_pb_column type=&#8221;1_2&#8243; module_class=&#8221;two-col-mobile-down&#8221; _builder_version=&#8221;4.27.4&#8243; _module_preset=&#8221;default&#8221; global_colors_info=&#8221;{}&#8221;][et_pb_image src=&#8221;https:\/\/fundatiabashford.com\/wp-content\/uploads\/2025\/04\/bsfh-Mrted.png&#8221; title_text=&#8221;bsfh-Mrted&#8221; _builder_version=&#8221;4.27.4&#8243; _module_preset=&#8221;default&#8221; width=&#8221;80%&#8221; module_alignment=&#8221;center&#8221; global_colors_info=&#8221;{}&#8221;][\/et_pb_image][\/et_pb_column][\/et_pb_row][et_pb_row module_class=&#8221;2-col-tablet&#8221; _builder_version=&#8221;4.27.4&#8243; _module_preset=&#8221;default&#8221; width=&#8221;70%&#8221; width_tablet=&#8221;90%&#8221; width_phone=&#8221;90%&#8221; width_last_edited=&#8221;on|desktop&#8221; max_width=&#8221;1104px&#8221; max_width_tablet=&#8221;740px&#8221; max_width_phone=&#8221;740px&#8221; max_width_last_edited=&#8221;on|tablet&#8221; custom_padding=&#8221;17px|||||&#8221; global_colors_info=&#8221;{}&#8221;][et_pb_column type=&#8221;4_4&#8243; module_class=&#8221;two-col-mobile-down&#8221; _builder_version=&#8221;4.27.4&#8243; _module_preset=&#8221;default&#8221; global_colors_info=&#8221;{}&#8221;][et_pb_cta button_url=&#8221;#top&#8221; admin_label=&#8221;School CTA&#8221; _builder_version=&#8221;4.27.4&#8243; header_font=&#8221;Cabin Sketch|700||on|||||&#8221; header_font_size=&#8221;46px&#8221; header_letter_spacing=&#8221;6px&#8221; header_line_height=&#8221;1.5em&#8221; body_font=&#8221;|600|||||||&#8221; body_text_align=&#8221;left&#8221; body_text_color=&#8221;rgba(0,0,0,0.57)&#8221; body_font_size=&#8221;17px&#8221; body_line_height=&#8221;26px&#8221; body_ul_font=&#8221;|600|||||||&#8221; body_ul_font_size=&#8221;24px&#8221; body_ul_line_height=&#8221;2.2em&#8221; use_background_color=&#8221;off&#8221; custom_button=&#8221;on&#8221; button_text_size=&#8221;16px&#8221; button_text_color=&#8221;#ffffff&#8221; button_bg_color=&#8221;rgba(255,255,255,0.1)&#8221; button_border_width=&#8221;10px&#8221; button_border_color=&#8221;rgba(65,65,144,0)&#8221; button_border_radius=&#8221;70px&#8221; button_font=&#8221;Rubik|700|||||||&#8221; button_use_icon=&#8221;off&#8221; text_orientation=&#8221;left&#8221; width=&#8221;94%&#8221; max_width_tablet=&#8221;&#8221; max_width_phone=&#8221;&#8221; max_width_last_edited=&#8221;on|desktop&#8221; module_alignment=&#8221;left&#8221; custom_margin=&#8221;7px|||||&#8221; custom_padding=&#8221;|||&#8221; header_font_size_tablet=&#8221;&#8221; header_font_size_phone=&#8221;30px&#8221; header_font_size_last_edited=&#8221;on|phone&#8221; body_font_size_tablet=&#8221;15px&#8221; body_font_size_phone=&#8221;15px&#8221; body_font_size_last_edited=&#8221;on|tablet&#8221; button_text_color_hover=&#8221;#e00b00&#8243; button_border_radius_hover=&#8221;70px&#8221; button_bg_color_hover=&#8221;#ffffff&#8221; global_colors_info=&#8221;{}&#8221; button_text_size__hover_enabled=&#8221;off&#8221; button_one_text_size__hover_enabled=&#8221;off&#8221; button_two_text_size__hover_enabled=&#8221;off&#8221; button_text_color__hover_enabled=&#8221;on&#8221; button_text_color__hover=&#8221;#e00b00&#8243; button_one_text_color__hover_enabled=&#8221;off&#8221; button_two_text_color__hover_enabled=&#8221;off&#8221; button_border_width__hover_enabled=&#8221;off&#8221; button_one_border_width__hover_enabled=&#8221;off&#8221; button_two_border_width__hover_enabled=&#8221;off&#8221; button_border_color__hover_enabled=&#8221;off&#8221; button_one_border_color__hover_enabled=&#8221;off&#8221; button_two_border_color__hover_enabled=&#8221;off&#8221; button_border_radius__hover_enabled=&#8221;on&#8221; button_border_radius__hover=&#8221;70px&#8221; button_one_border_radius__hover_enabled=&#8221;off&#8221; button_two_border_radius__hover_enabled=&#8221;off&#8221; button_letter_spacing__hover_enabled=&#8221;off&#8221; button_one_letter_spacing__hover_enabled=&#8221;off&#8221; button_two_letter_spacing__hover_enabled=&#8221;off&#8221; button_bg_color__hover_enabled=&#8221;on&#8221; button_bg_color__hover=&#8221;#ffffff&#8221; button_one_bg_color__hover_enabled=&#8221;off&#8221; button_two_bg_color__hover_enabled=&#8221;off&#8221;]<\/p>\n<p>Funda\u021bia Bashford a fost \u00eenfiin\u021bat\u0103 \u00een Rom\u00e2nia \u00een 2004, cu conducere at\u00e2t american\u0103, c\u00e2t \u0219i rom\u00e2neasc\u0103, pentru a \u00eencepe s\u0103 fac\u0103 o diferen\u021b\u0103 \u00een via\u021ba rom\u00e2nilor afla\u021bi \u00een nevoie. De atunci, echipele misiunii Reach Romania au c\u0103l\u0103torit aproape anual pentru a sluji poporului Rom\u00e2niei.<\/p>\n<p>[\/et_pb_cta][\/et_pb_column][\/et_pb_row][\/et_pb_section]<\/p>\n","protected":false},"excerpt":{"rendered":"<p>Chris GilliamDirector executivFunda\u021bie Bashord ofer\u0103 case \u0219i programe permanente, iubitoare, centrate pe Hristos pentru copiii orfani \u0219i abandona\u021bi din Rom\u00e2nia. Suntem chema\u021bi s\u0103 investim \u00een mod inten\u021bionat dragostea lui Isus Hristos, oferindu-le un loc sigur unde se pot vindeca de traume trecute, s\u0103 creasc\u0103 \u00eentr-un mediu familial \u0219i s\u0103 cunoasc\u0103 bucuria de zi cu zi [&hellip;]<\/p>\n","protected":false},"author":1,"featured_media":0,"parent":0,"menu_order":0,"comment_status":"closed","ping_status":"closed","template":"","meta":{"_et_pb_use_builder":"on","_et_pb_old_content":"","_et_gb_content_width":"","footnotes":""},"class_list":["post-576","page","type-page","status-publish","hentry"],"_links":{"self":[{"href":"https:\/\/fundatiabashford.com\/index.php\/wp-json\/wp\/v2\/pages\/576","targetHints":{"allow":["GET"]}}],"collection":[{"href":"https:\/\/fundatiabashford.com\/index.php\/wp-json\/wp\/v2\/pages"}],"about":[{"href":"https:\/\/fundatiabashford.com\/index.php\/wp-json\/wp\/v2\/types\/page"}],"author":[{"embeddable":true,"href":"https:\/\/fundatiabashford.com\/index.php\/wp-json\/wp\/v2\/users\/1"}],"replies":[{"embeddable":true,"href":"https:\/\/fundatiabashford.com\/index.php\/wp-json\/wp\/v2\/comments?post=576"}],"version-history":[{"count":20,"href":"https:\/\/fundatiabashford.com\/index.php\/wp-json\/wp\/v2\/pages\/576\/revisions"}],"predecessor-version":[{"id":792,"href":"https:\/\/fundatiabashford.com\/index.php\/wp-json\/wp\/v2\/pages\/576\/revisions\/792"}],"wp:attachment":[{"href":"https:\/\/fundatiabashford.com\/index.php\/wp-json\/wp\/v2\/media?parent=576"}],"curies":[{"name":"wp","href":"https:\/\/api.w.org\/{rel}","templated":true}]}}